{"id":1143,"date":"2022-10-20T14:24:13","date_gmt":"2022-10-20T12:24:13","guid":{"rendered":"https:\/\/ssef2026.diktum.website\/a-propos\/"},"modified":"2023-06-08T08:06:58","modified_gmt":"2023-06-08T06:06:58","slug":"a-propos","status":"publish","type":"page","link":"https:\/\/ssef2026.diktum.website\/fr\/a-propos\/","title":{"rendered":"\u00c0 propos"},"content":{"rendered":"\n<h1>\n\t\t\u00c0 propos du forum\n\t<\/h1>\n\t<p>Lors du Swiss Social Economy Forum, des entrepreneurs sociaux et des repr\u00e9sentants d&rsquo;entreprises sociales, de coop\u00e9ratives et d&rsquo;autres organisations orient\u00e9es vers l&rsquo;impact \u00e9changeront avec des acteurs de la science, de la politique et de la soci\u00e9t\u00e9 civile.<\/p>\n<p>Le forum cr\u00e9e une visibilit\u00e9 pour les th\u00e8mes li\u00e9s \u00e0 l&rsquo;\u00e9conomie d&rsquo;impact et \u00e0 l&rsquo;\u00e9conomie sociale en Suisse. La mise en r\u00e9seau lors du forum doit inspirer les acteurs et les actrices et renforcer les conditions-cadres du secteur gr\u00e2ce \u00e0 la discussion avec des parties prenantes.<\/p>\n<p><a href=\"https:\/\/sens-suisse.ch\/was-ist-soziales-unternehmertum\/\">L&rsquo;\u00e9conomie sociale<\/a> rassemble un grand nombre d&rsquo;entreprises &amp; d&rsquo;organisations qui ont comme objectif de leur activit\u00e9 un impact positif sur la soci\u00e9t\u00e9 et qui consid\u00e8rent le profit financier comme un moyen d&rsquo;atteindre cet objectif.<\/p>\n<p>Le secteur contribue \u00e0 la r\u00e9solution des d\u00e9fis soci\u00e9taux actuels gr\u00e2ce \u00e0 ses activit\u00e9s dans diff\u00e9rentes branches et dans les domaines th\u00e9matiques les plus divers. Il apporte ainsi une contribution forte et importante \u00e0 la prosp\u00e9rit\u00e9 de la Suisse.<\/p>\n<p>Le Swiss Social Economy Forum a \u00e9t\u00e9 lacn\u00e9 par SENS et se d\u00e9roule chaque ann\u00e9e dans une ville diff\u00e9rente.<\/p>\n<h2>\n\t\t\u00c0 propos de SENS\n\t<\/h2>\n<p><strong>Impactant, raisonnable, responsable, coop\u00e9rative, Business for Social Impact &#8211; quel que soit le nom que l&rsquo;on donne \u00e0 ces modes de gestion \u00e9prouv\u00e9s ou nouveaux, SENS s&rsquo;engage pour une plus grande coop\u00e9ration entrepreneuriale au profit de la soci\u00e9t\u00e9.<\/strong><\/p>\n<p>D\u00e8s \u00e0 pr\u00e9sent, de nombreuses entreprises poursuivent d&rsquo;autres objectifs que la seule r\u00e9ussite financi\u00e8re. Ce qui leur importe, c&rsquo;est l&rsquo;impact positif et le sens de leur activit\u00e9. C&rsquo;est l\u00e0 que nous voyons un grand potentiel, c&rsquo;est l\u00e0 que nous renfor\u00e7ons, mettons en r\u00e9seau et faisons de la recherche.<\/p>\n<p>Nous sommes convaincus que les entrepreneurs sociaux apportent une contribution forte et importante au bien-\u00eatre social et \u00e9conomique de la Suisse. Leur valeur ajout\u00e9e est cependant encore trop peu connue. Ce qui manque, c&rsquo;est un centre de r\u00e9f\u00e9rence pour l&rsquo;information et les relations publiques, une plateforme nationale pour la mise en r\u00e9seau intersectorielle et, enfin, une valorisation visible. C&rsquo;est ce que nous voulons faire et c&rsquo;est pourquoi nous formons avec SENS la voix de l&rsquo;\u00e9conomie sociale en Suisse.<\/p>\n<p>Plus d&rsquo;informations sur <a href=\"https:\/\/sens-suisse.ch\/\">www.sens-suisse.ch<\/a><\/p>\n\t<strong>Le SSEF est le rassemblement annuel de la<br \/>\n<\/strong> <strong>communaut\u00e9 suisse de l&rsquo;entrepreneuriat social.<\/strong>\n<h2>\n\t\tL&rsquo;\u00e9quipe derri\u00e8re le forum\n\t<\/h2>\n\t<meta itemscope itemprop=\"mainEntityOfPage\" itemtype=\"https:\/\/schema.org\/WebPage\" itemid=\"https:\/\/ssef2026.diktum.website\/fr\/?team-members=rahel-pfister\" content=\"Rahel Pfister\" \/><meta itemprop=\"datePublished\" content=\"2022-11-02\" \/><meta itemprop=\"dateModified\" content=\"2022-12-12\" \/><meta itemprop=\"name\" content=\"Swiss forum for Social Entrepreneurship\"\/><meta itemprop=\"url\" content=\"https:\/\/ssef2026.diktum.website\/fr\/author\/lea-fuchs\/\" \/><meta itemprop=\"name\" content=\"Lea Fuchs\" \/><meta itemprop=\"url\" content=\"https:\/\/ssef2026.diktum.website\/wp-content\/uploads\/2022\/11\/Rahel-Pfister-web-1-scaled.jpg\" \/><meta itemprop=\"width\" content=\"2518\" \/><meta itemprop=\"height\" content=\"2560\" \/><meta itemprop=\"interactionType\" content=\"https:\/\/schema.org\/CommentAction\" \/><meta itemprop=\"userInteractionCount\" content=\"0\" \/>\n<img width=\"500\" height=\"500\" src=\"https:\/\/ssef2026.diktum.website\/wp-content\/uploads\/2022\/11\/Rahel-Pfister-web-1-500x500.jpg\" alt=\"\" decoding=\"async\" loading=\"lazy\" itemprop=\"image\" srcset=\"https:\/\/ssef2026.diktum.website\/wp-content\/uploads\/2022\/11\/Rahel-Pfister-web-1-500x500.jpg 500w, https:\/\/ssef2026.diktum.website\/wp-content\/uploads\/2022\/11\/Rahel-Pfister-web-1-150x150.jpg 150w, https:\/\/ssef2026.diktum.website\/wp-content\/uploads\/2022\/11\/Rahel-Pfister-web-1-600x600.jpg 600w\" sizes=\"auto, (max-width: 500px) 100vw, 500px\" \/>\n        <h4>Rahel Pfister<\/h4>\n\t<meta itemscope itemprop=\"mainEntityOfPage\" itemtype=\"https:\/\/schema.org\/WebPage\" itemid=\"https:\/\/ssef2026.diktum.website\/fr\/?team-members=silvan-scherer\" content=\"Silvan Scherer\" \/><meta itemprop=\"datePublished\" content=\"2022-11-02\" \/><meta itemprop=\"dateModified\" content=\"2022-12-12\" \/><meta itemprop=\"name\" content=\"Swiss forum for Social Entrepreneurship\"\/><meta itemprop=\"url\" content=\"https:\/\/ssef2026.diktum.website\/fr\/author\/lea-fuchs\/\" \/><meta itemprop=\"name\" content=\"Lea Fuchs\" \/><meta itemprop=\"url\" content=\"https:\/\/ssef2026.diktum.website\/wp-content\/uploads\/2022\/11\/Silvan-Scherer-web.jpg\" \/><meta itemprop=\"width\" content=\"1452\" \/><meta itemprop=\"height\" content=\"968\" \/><meta itemprop=\"interactionType\" content=\"https:\/\/schema.org\/CommentAction\" \/><meta itemprop=\"userInteractionCount\" content=\"0\" \/>\n<img width=\"500\" height=\"500\" src=\"https:\/\/ssef2026.diktum.website\/wp-content\/uploads\/2022\/11\/Silvan-Scherer-web-500x500.jpg\" alt=\"\" decoding=\"async\" loading=\"lazy\" itemprop=\"image\" srcset=\"https:\/\/ssef2026.diktum.website\/wp-content\/uploads\/2022\/11\/Silvan-Scherer-web-500x500.jpg 500w, https:\/\/ssef2026.diktum.website\/wp-content\/uploads\/2022\/11\/Silvan-Scherer-web-150x150.jpg 150w, https:\/\/ssef2026.diktum.website\/wp-content\/uploads\/2022\/11\/Silvan-Scherer-web-600x600.jpg 600w\" sizes=\"auto, (max-width: 500px) 100vw, 500px\" \/>\n        <h4>Silvan Scherer<\/h4>\n\t<meta itemscope itemprop=\"mainEntityOfPage\" itemtype=\"https:\/\/schema.org\/WebPage\" itemid=\"https:\/\/ssef2026.diktum.website\/fr\/?team-members=lea-fuchs\" content=\"Lea Fuchs\" \/><meta itemprop=\"datePublished\" content=\"2022-11-02\" \/><meta itemprop=\"dateModified\" content=\"2022-12-12\" \/><meta itemprop=\"name\" content=\"Swiss forum for Social Entrepreneurship\"\/><meta itemprop=\"url\" content=\"https:\/\/ssef2026.diktum.website\/fr\/author\/lea-fuchs\/\" \/><meta itemprop=\"name\" content=\"Lea Fuchs\" \/><meta itemprop=\"url\" content=\"https:\/\/ssef2026.diktum.website\/wp-content\/uploads\/2022\/11\/Lea-Fuchs-web-scaled.jpg\" \/><meta itemprop=\"width\" content=\"2560\" \/><meta itemprop=\"height\" content=\"1839\" \/><meta itemprop=\"interactionType\" content=\"https:\/\/schema.org\/CommentAction\" \/><meta itemprop=\"userInteractionCount\" content=\"0\" \/>\n<img width=\"500\" height=\"500\" src=\"https:\/\/ssef2026.diktum.website\/wp-content\/uploads\/2022\/11\/Lea-Fuchs-web-500x500.jpg\" alt=\"\" decoding=\"async\" loading=\"lazy\" itemprop=\"image\" srcset=\"https:\/\/ssef2026.diktum.website\/wp-content\/uploads\/2022\/11\/Lea-Fuchs-web-500x500.jpg 500w, https:\/\/ssef2026.diktum.website\/wp-content\/uploads\/2022\/11\/Lea-Fuchs-web-150x150.jpg 150w, https:\/\/ssef2026.diktum.website\/wp-content\/uploads\/2022\/11\/Lea-Fuchs-web-600x600.jpg 600w\" sizes=\"auto, (max-width: 500px) 100vw, 500px\" \/>\n        <h4>Lea Fuchs<\/h4>\n\t<meta itemscope itemprop=\"mainEntityOfPage\" itemtype=\"https:\/\/schema.org\/WebPage\" itemid=\"https:\/\/ssef2026.diktum.website\/fr\/?team-members=beni-rohrbach\" content=\"Beni Rohrbach\" \/><meta itemprop=\"datePublished\" content=\"2022-12-12\" \/><meta itemprop=\"dateModified\" content=\"2022-12-12\" \/><meta itemprop=\"name\" content=\"Swiss forum for Social Entrepreneurship\"\/><meta itemprop=\"url\" content=\"https:\/\/ssef2026.diktum.website\/fr\/author\/silvan-scherer\/\" \/><meta itemprop=\"name\" content=\"Silvan Scherer\" \/><meta itemprop=\"url\" content=\"https:\/\/ssef2026.diktum.website\/wp-content\/uploads\/2022\/11\/Beni-Rohrbach.jpg\" \/><meta itemprop=\"width\" content=\"1000\" \/><meta itemprop=\"height\" content=\"988\" \/><meta itemprop=\"interactionType\" content=\"https:\/\/schema.org\/CommentAction\" \/><meta itemprop=\"userInteractionCount\" content=\"0\" \/>\n<img width=\"500\" height=\"500\" src=\"https:\/\/ssef2026.diktum.website\/wp-content\/uploads\/2022\/11\/Beni-Rohrbach-500x500.jpg\" alt=\"\" decoding=\"async\" loading=\"lazy\" itemprop=\"image\" srcset=\"https:\/\/ssef2026.diktum.website\/wp-content\/uploads\/2022\/11\/Beni-Rohrbach-500x500.jpg 500w, https:\/\/ssef2026.diktum.website\/wp-content\/uploads\/2022\/11\/Beni-Rohrbach-150x150.jpg 150w, https:\/\/ssef2026.diktum.website\/wp-content\/uploads\/2022\/11\/Beni-Rohrbach-600x600.jpg 600w\" sizes=\"auto, (max-width: 500px) 100vw, 500px\" \/>\n        <h4>Beni Rohrbach<\/h4>\n\t<meta itemscope itemprop=\"mainEntityOfPage\" itemtype=\"https:\/\/schema.org\/WebPage\" itemid=\"https:\/\/ssef2026.diktum.website\/fr\/?team-members=lea-grueter\" content=\"Lea Gr\u00fcter\" \/><meta itemprop=\"datePublished\" content=\"2022-12-14\" \/><meta itemprop=\"dateModified\" content=\"2022-12-14\" \/><meta itemprop=\"name\" content=\"Swiss forum for Social Entrepreneurship\"\/><meta itemprop=\"url\" content=\"https:\/\/ssef2026.diktum.website\/fr\/author\/silvan-scherer\/\" \/><meta itemprop=\"name\" content=\"Silvan Scherer\" \/><meta itemprop=\"url\" content=\"https:\/\/ssef2026.diktum.website\/wp-content\/uploads\/2022\/12\/Lea-Portrait_beschnitten_V2.png\" \/><meta itemprop=\"width\" content=\"874\" \/><meta itemprop=\"height\" content=\"875\" \/><meta itemprop=\"interactionType\" content=\"https:\/\/schema.org\/CommentAction\" \/><meta itemprop=\"userInteractionCount\" content=\"0\" \/>\n<img width=\"500\" height=\"500\" src=\"https:\/\/ssef2026.diktum.website\/wp-content\/uploads\/2022\/12\/Lea-Portrait_beschnitten_V2-500x500.png\" alt=\"\" decoding=\"async\" loading=\"lazy\" itemprop=\"image\" srcset=\"https:\/\/ssef2026.diktum.website\/wp-content\/uploads\/2022\/12\/Lea-Portrait_beschnitten_V2-500x500.png 500w, https:\/\/ssef2026.diktum.website\/wp-content\/uploads\/2022\/12\/Lea-Portrait_beschnitten_V2-300x300.png 300w, https:\/\/ssef2026.diktum.website\/wp-content\/uploads\/2022\/12\/Lea-Portrait_beschnitten_V2-150x150.png 150w, https:\/\/ssef2026.diktum.website\/wp-content\/uploads\/2022\/12\/Lea-Portrait_beschnitten_V2-768x769.png 768w, https:\/\/ssef2026.diktum.website\/wp-content\/uploads\/2022\/12\/Lea-Portrait_beschnitten_V2.png 874w\" sizes=\"auto, (max-width: 500px) 100vw, 500px\" \/>\n        <h4>Lea Gr\u00fcter<\/h4>\n\t\t<!-- .pp-content-posts -->\n<h2>\n\t\tContact\n\t<\/h2>\n\tTu as des suggestions, des id\u00e9es ou des questions?<br \/>\nContacte-nous: <a href=\"mailto:forum@sens-suisse.ch\">forum@sens-suisse.ch<\/a>\n\n","protected":false},"excerpt":{"rendered":"<p>\u00c0 propos du forum Lors du Swiss Social Economy Forum, des entrepreneurs sociaux et des repr\u00e9sentants d&rsquo;entreprises sociales, de coop\u00e9ratives et d&rsquo;autres organisations orient\u00e9es vers l&rsquo;impact \u00e9changeront avec des acteurs de la science, de la politique et de la soci\u00e9t\u00e9 civile. Le forum cr\u00e9e une visibilit\u00e9 pour les th\u00e8mes li\u00e9s \u00e0 l&rsquo;\u00e9conomie d&rsquo;impact et \u00e0&hellip;<\/p>\n","protected":false},"author":1,"featured_media":0,"parent":0,"menu_order":0,"comment_status":"closed","ping_status":"closed","template":"","meta":{"_acf_changed":false,"_seopress_robots_primary_cat":"","_seopress_titles_title":"","_seopress_titles_desc":"","_seopress_robots_index":"","footnotes":""},"class_list":["post-1143","page","type-page","status-publish","hentry"],"acf":[],"_links":{"self":[{"href":"https:\/\/ssef2026.diktum.website\/fr\/wp-json\/wp\/v2\/pages\/1143","targetHints":{"allow":["GET"]}}],"collection":[{"href":"https:\/\/ssef2026.diktum.website\/fr\/wp-json\/wp\/v2\/pages"}],"about":[{"href":"https:\/\/ssef2026.diktum.website\/fr\/wp-json\/wp\/v2\/types\/page"}],"author":[{"embeddable":true,"href":"https:\/\/ssef2026.diktum.website\/fr\/wp-json\/wp\/v2\/users\/1"}],"replies":[{"embeddable":true,"href":"https:\/\/ssef2026.diktum.website\/fr\/wp-json\/wp\/v2\/comments?post=1143"}],"version-history":[{"count":2,"href":"https:\/\/ssef2026.diktum.website\/fr\/wp-json\/wp\/v2\/pages\/1143\/revisions"}],"predecessor-version":[{"id":1241,"href":"https:\/\/ssef2026.diktum.website\/fr\/wp-json\/wp\/v2\/pages\/1143\/revisions\/1241"}],"wp:attachment":[{"href":"https:\/\/ssef2026.diktum.website\/fr\/wp-json\/wp\/v2\/media?parent=1143"}],"curies":[{"name":"wp","href":"https:\/\/api.w.org\/{rel}","templated":true}]}}